{"id":18,"date":"2024-04-23T22:50:10","date_gmt":"2024-04-23T22:50:10","guid":{"rendered":"https:\/\/www.fiil.com.tr\/?page_id=18"},"modified":"2024-10-30T14:55:06","modified_gmt":"2024-10-30T14:55:06","slug":"fiil-nedir","status":"publish","type":"page","link":"https:\/\/www.fiil.com.tr\/","title":{"rendered":"Fiil nedir?"},"content":{"rendered":"[et_pb_section fb_built=&#8221;1&#8243; admin_label=&#8221;section&#8221; _builder_version=&#8221;3.22&#8243;][et_pb_row admin_label=&#8221;row&#8221; _builder_version=&#8221;3.25&#8243; background_size=&#8221;initial&#8221; background_position=&#8221;top_left&#8221; background_repeat=&#8221;repeat&#8221;][et_pb_column type=&#8221;4_4&#8243; _builder_version=&#8221;3.25&#8243; custom_padding=&#8221;|||&#8221; custom_padding__hover=&#8221;|||&#8221;][et_pb_post_title meta=&#8221;off&#8221; featured_image=&#8221;off&#8221; _builder_version=&#8221;4.9.3&#8243; _module_preset=&#8221;default&#8221; title_font=&#8221;||||||||&#8221; title_text_color=&#8221;#d6001c&#8221; hover_enabled=&#8221;0&#8243; sticky_enabled=&#8221;0&#8243;][\/et_pb_post_title][et_pb_text admin_label=&#8221;Text&#8221; _builder_version=&#8221;3.27.4&#8243; background_size=&#8221;initial&#8221; background_position=&#8221;top_left&#8221; background_repeat=&#8221;repeat&#8221; custom_padding=&#8221;||0px|||&#8221;]<p><\/p>\n<p style=\"text-align: justify;\">Fiil, A\u011fustos 2016 y\u0131l\u0131nda oyuncu, yazar, y\u00f6netmen Fahrettin Eren Dinler ve yol arkada\u015flar\u0131 taraf\u0131ndan tiyatro, film, reklam ve organizasyon alanlar\u0131nda faaliyet g\u00f6stermek i\u00e7in yola \u00e7\u0131kt\u0131.<\/p>\n<p style=\"text-align: justify;\">Kuruldu\u011fu g\u00fcnden bu yana bir\u00e7ok film, reklam ve tiyatro oyununa imza att\u0131. T\u00fcrkiye\u2019de bir\u00e7ok il ve il\u00e7ede yo\u011fun kat\u0131l\u0131ml\u0131 temsiller ger\u00e7ekle\u015ftirdi.<\/p>\n<p style=\"text-align: justify;\">F\u0130\u0130L; toplumun ortak de\u011ferlerini temel alan uzla\u015fmac\u0131 bir k\u00fclt\u00fcr\u00fcn perspektifinde projelerini belirleyip bu u\u011furda hi\u00e7 korkmadan, durmadan, hareket ederek ulusal ve k\u00fcresel bir marka olmay\u0131 hedefler.<\/p>\n<p><\/p>\n<p><\/p>\n<p><\/p>\n<p><\/p>\n<p><\/p>[\/et_pb_text][\/et_pb_column][\/et_pb_row][\/et_pb_section]","protected":false},"excerpt":{"rendered":"<p>[et_pb_section fb_built=&#8221;1&#8243; admin_label=&#8221;section&#8221; _builder_version=&#8221;3.22&#8243;][et_pb_row admin_label=&#8221;row&#8221; _builder_version=&#8221;3.25&#8243; background_size=&#8221;initial&#8221; background_position=&#8221;top_left&#8221; background_repeat=&#8221;repeat&#8221;][et_pb_column type=&#8221;4_4&#8243; _builder_version=&#8221;3.25&#8243; custom_padding=&#8221;|||&#8221; custom_padding__hover=&#8221;|||&#8221;][et_pb_post_title meta=&#8221;off&#8221; featured_image=&#8221;off&#8221; _builder_version=&#8221;4.9.3&#8243; _module_preset=&#8221;default&#8221; title_font=&#8221;||||||||&#8221; title_text_color=&#8221;#d6001c&#8221; hover_enabled=&#8221;0&#8243; sticky_enabled=&#8221;0&#8243;][\/et_pb_post_title][et_pb_text admin_label=&#8221;Text&#8221; _builder_version=&#8221;3.27.4&#8243; background_size=&#8221;initial&#8221; background_position=&#8221;top_left&#8221; background_repeat=&#8221;repeat&#8221; custom_padding=&#8221;||0px|||&#8221;] Fiil, A\u011fustos 2016 [&hellip;]<\/p>\n","protected":false},"author":1,"featured_media":0,"parent":0,"menu_order":0,"comment_status":"closed","ping_status":"closed","template":"","meta":{"_et_pb_use_builder":"on","_et_pb_old_content":"<!-- wp:paragraph -->\n<p>Fiil, A\u011fustos 2016 y\u0131l\u0131nda oyuncu, yazar, y\u00f6netmen Fahrettin Eren Dinler ve yol arkada\u015flar\u0131 taraf\u0131ndan tiyatro, film, reklam ve organizasyon alanlar\u0131nda faaliyet g\u00f6stermek i\u00e7in yola \u00e7\u0131kt\u0131.<\/p>\n<!-- \/wp:paragraph -->\n\n<!-- wp:paragraph -->\n<p>Kuruldu\u011fu g\u00fcnden bu yana bir\u00e7ok film, reklam ve tiyatro oyununa imza att\u0131. T\u00fcrkiye\u2019de bir\u00e7ok il ve il\u00e7ede yo\u011fun kat\u0131l\u0131ml\u0131 temsiller ger\u00e7ekle\u015ftirdi.<\/p>\n<!-- \/wp:paragraph -->\n\n<!-- wp:paragraph -->\n<p id=\"fiil-nedir\">F\u0130\u0130L; toplumun ortak de\u011ferlerini temel alan uzla\u015fmac\u0131 bir k\u00fclt\u00fcr\u00fcn perspektifinde projelerini belirleyip bu u\u011furda hi\u00e7 korkmadan, durmadan, hareket ederek ulusal ve k\u00fcresel bir marka olmay\u0131 hedefler.<\/p>\n<!-- \/wp:paragraph -->","_et_gb_content_width":"","_EventAllDay":false,"_EventTimezone":"","_EventStartDate":"","_EventEndDate":"","_EventStartDateUTC":"","_EventEndDateUTC":"","_EventShowMap":false,"_EventShowMapLink":false,"_EventURL":"","_EventCost":"","_EventCostDescription":"","_EventCurrencySymbol":"","_EventCurrencyCode":"","_EventCurrencyPosition":"","_EventDateTimeSeparator":"","_EventTimeRangeSeparator":"","_EventOrganizerID":[],"_EventVenueID":[],"_OrganizerEmail":"","_OrganizerPhone":"","_OrganizerWebsite":"","_VenueAddress":"","_VenueCity":"","_VenueCountry":"","_VenueProvince":"","_VenueState":"","_VenueZip":"","_VenuePhone":"","_VenueURL":"","_VenueStateProvince":"","_VenueLat":"","_VenueLng":"","_VenueShowMap":false,"_VenueShowMapLink":false,"footnotes":""},"class_list":["post-18","page","type-page","status-publish","hentry"],"_links":{"self":[{"href":"https:\/\/www.fiil.com.tr\/index.php\/wp-json\/wp\/v2\/pages\/18","targetHints":{"allow":["GET"]}}],"collection":[{"href":"https:\/\/www.fiil.com.tr\/index.php\/wp-json\/wp\/v2\/pages"}],"about":[{"href":"https:\/\/www.fiil.com.tr\/index.php\/wp-json\/wp\/v2\/types\/page"}],"author":[{"embeddable":true,"href":"https:\/\/www.fiil.com.tr\/index.php\/wp-json\/wp\/v2\/users\/1"}],"replies":[{"embeddable":true,"href":"https:\/\/www.fiil.com.tr\/index.php\/wp-json\/wp\/v2\/comments?post=18"}],"version-history":[{"count":7,"href":"https:\/\/www.fiil.com.tr\/index.php\/wp-json\/wp\/v2\/pages\/18\/revisions"}],"predecessor-version":[{"id":162,"href":"https:\/\/www.fiil.com.tr\/index.php\/wp-json\/wp\/v2\/pages\/18\/revisions\/162"}],"wp:attachment":[{"href":"https:\/\/www.fiil.com.tr\/index.php\/wp-json\/wp\/v2\/media?parent=18"}],"curies":[{"name":"wp","href":"https:\/\/api.w.org\/{rel}","templated":true}]}}