{"id":32,"date":"2024-04-23T23:30:00","date_gmt":"2024-04-23T23:30:00","guid":{"rendered":"https:\/\/www.fiil.com.tr\/?page_id=32"},"modified":"2024-10-30T15:03:09","modified_gmt":"2024-10-30T15:03:09","slug":"ben-godot-geliyorum","status":"publish","type":"page","link":"https:\/\/www.fiil.com.tr\/index.php\/ben-godot-geliyorum\/","title":{"rendered":"Ben Godot Geliyorum"},"content":{"rendered":"[et_pb_section fb_built=&#8221;1&#8243; _builder_version=&#8221;4.9.3&#8243; _module_preset=&#8221;default&#8221; min_height=&#8221;218.9px&#8221; custom_padding=&#8221;2px||0px|||&#8221;][et_pb_row _builder_version=&#8221;4.9.3&#8243; _module_preset=&#8221;default&#8221; min_height=&#8221;459.9px&#8221; custom_margin=&#8221;1px|auto||auto||&#8221; custom_padding=&#8221;||0px|||&#8221;][et_pb_column type=&#8221;4_4&#8243; _builder_version=&#8221;4.9.3&#8243; _module_preset=&#8221;default&#8221;][et_pb_post_title meta=&#8221;off&#8221; featured_image=&#8221;off&#8221; _builder_version=&#8221;4.9.3&#8243; _module_preset=&#8221;default&#8221; hover_enabled=&#8221;0&#8243; title_text_color=&#8221;#d6001c&#8221; sticky_enabled=&#8221;0&#8243;][\/et_pb_post_title][et_pb_text _builder_version=&#8221;4.9.3&#8243; _module_preset=&#8221;default&#8221; min_height=&#8221;259.9px&#8221; custom_margin=&#8221;0px||-78px|||&#8221; custom_padding=&#8221;20px||9px|||&#8221;]<p><span style=\"font-size: 14px;\">Godot\u2019yu beklemek hi\u00e7 bu kadar komik ve bu kadar s\u0131ra d\u0131\u015f\u0131 olmam\u0131\u015ft\u0131!<\/span><!-- \/wp:post-content --><!-- wp:paragraph --><\/p>\n<p>Samuel Beckett taraf\u0131ndan kaleme al\u0131nan modern bir klasi\u011fin s\u0131ra d\u0131\u015f\u0131 bu yeniden yaz\u0131m\u0131 fazlas\u0131yla g\u00fcld\u00fcrecek. Yaz\u0131ld\u0131\u011f\u0131 g\u00fcnden bu yana bir\u00e7ok dile \u00e7evrilen, binlerce kez sahnelenen bu oyun Fahrettin Eren Dinler taraf\u0131ndan umutsuz ve \u00e7aresizce kurtar\u0131c\u0131s\u0131n\u0131 bekleyen y\u0131\u011f\u0131nlar i\u00e7in yeniden yaz\u0131larak sahneye kondu.<!-- wp:paragraph \/--><\/p>\n<p>Sand\u0131klar\u0131 terk etmedikleri i\u00e7in sand\u0131kla birlikte u\u00e7suz bucaks\u0131z bir bozk\u0131r\u0131n ortas\u0131nda sonsuz bir bekleyi\u015fte olan DODO ve KEKE&#8230;<!-- \/wp:paragraph --><!-- wp:paragraph --><\/p>\n<p>Godot\u2019yu beklemektedirler.<!-- wp:paragraph \/--><\/p>\n<p>\u00c7aresiz ve umutsuz bekleyi\u015f sanki sonsuza kadar devam edecek ve Godot hi\u00e7bir zaman gelemeyecek gibidir.<!-- wp:paragraph \/--><\/p>\n<p>Peki acaba Godot bu sefer gelebilecek midir?<!-- \/wp:paragraph --><!-- wp:paragraph --><\/p>\n<p>\u2018Ben Godot Geliyorum\u2019 abs\u00fcrd bir ger\u00e7eklikle \u00fcmidin, \u00e7aresizli\u011fin ve bekleyi\u015fin kara mizahla harmanland\u0131\u011f\u0131 \u00e7arp\u0131c\u0131 bir tiyatro oyunudur. Dinamik karakterleri, s\u00fcr\u00fckleyici hikayesi ve mizahi yakla\u015f\u0131m\u0131yla herkesin keyifle izleyebilece\u011fi bir eser.<!-- wp:paragraph --><\/p>\n<p><!-- \/wp:paragraph --><\/p>\n<p>Kesinlikle ka\u00e7\u0131rmaman\u0131z gereken bir tiyatro deneyimi!<\/p>[\/et_pb_text][\/et_pb_column][\/et_pb_row][et_pb_row _builder_version=&#8221;4.9.3&#8243; _module_preset=&#8221;default&#8221; min_height=&#8221;442.7px&#8221; custom_padding=&#8221;||0px|||&#8221;][et_pb_column type=&#8221;4_4&#8243; _builder_version=&#8221;4.9.3&#8243; _module_preset=&#8221;default&#8221;][et_pb_gallery gallery_ids=&#8221;105,104,103,102,101&#8243; fullwidth=&#8221;on&#8221; show_pagination_tablet=&#8221;&#8221; show_pagination_phone=&#8221;&#8221; show_pagination_last_edited=&#8221;on|phone&#8221; _builder_version=&#8221;4.9.3&#8243; _module_preset=&#8221;default&#8221; custom_margin=&#8221;-1px|||||&#8221; animation_style=&#8221;fade&#8221; auto=&#8221;on&#8221; auto_speed=&#8221;2500&#8243; box_shadow_style=&#8221;preset2&#8243;][\/et_pb_gallery][\/et_pb_column][\/et_pb_row][\/et_pb_section][et_pb_section fb_built=&#8221;1&#8243; _builder_version=&#8221;4.9.3&#8243; _module_preset=&#8221;default&#8221; min_height=&#8221;843.1px&#8221;][et_pb_row _builder_version=&#8221;4.9.3&#8243; _module_preset=&#8221;default&#8221; min_height=&#8221;750.8px&#8221;][et_pb_column type=&#8221;4_4&#8243; _builder_version=&#8221;4.9.3&#8243; _module_preset=&#8221;default&#8221;][et_pb_text _builder_version=&#8221;4.9.3&#8243; _module_preset=&#8221;default&#8221; min_height=&#8221;674.8px&#8221; custom_margin=&#8221;-44px|||||&#8221; custom_padding=&#8221;0px|||||&#8221;]<div class=\"page\" title=\"Page 2\">\n<div class=\"section\">\n<div class=\"layoutArea\">\n<div class=\"column\">\n<p style=\"text-align: center;\"><strong>KU\u0308NYE<\/strong><\/p>\n<p style=\"text-align: center;\">TEK PERDE<\/p>\n<p style=\"text-align: center;\">ABS\u00dcRT KOMED\u0130<strong><\/strong><\/p>\n<p style=\"text-align: center;\">75&#8242;<\/p>\n<p style=\"text-align: center;\"><strong style=\"font-size: 14px;\">Yazan &#8211; YO\u0308NETEN<\/strong><\/p>\n<p style=\"text-align: center;\"><span>Fahrettin EREN DI\u0307NLER <\/span><\/p>\n<p style=\"text-align: center;\"><strong>OYUNCULAR <\/strong><\/p>\n<p style=\"text-align: center;\"><span>Kayhan Binnetog\u0306lu, Fahrettin Eren Dinler, Mert Can Kaplan Taha Dinler, Go\u0308kc\u0327e Bat\u0131ralp <\/span><\/p>\n<p style=\"text-align: center;\"><strong>SAHNE VE KOSTU\u0308M TASARIMI <\/strong><\/p>\n<p style=\"text-align: center;\"><span>Senem Erdog\u0306an <\/span><\/p>\n<p style=\"text-align: center;\"><strong>MU\u0308ZI\u0307K DI\u0307REKTO\u0308RU\u0308 <\/strong><\/p>\n<p style=\"text-align: center;\"><span>Ufuk Karakavak <\/span><\/p>\n<p style=\"text-align: center;\"><strong>IS\u0327IK TASARIMI <\/strong><\/p>\n<p style=\"text-align: center;\"><span>Taha Dinler <\/span><\/p>\n<p style=\"text-align: center;\"><strong>YO\u0308NETMEN YARDIMCISI <\/strong><\/p>\n<p style=\"text-align: center;\"><span>Go\u0308kc\u0327e Bat\u0131ralp <\/span><\/p>\n<p style=\"text-align: center;\"><strong>PRODU\u0308KTO\u0308R <\/strong><\/p>\n<p style=\"text-align: center;\"><span>Fahrettin EREN DI\u0307NLER <\/span><\/p>\n<p style=\"text-align: center;\"><strong>FI\u0307I\u0307L SANAT 2024 \u00ae<\/strong><\/p>\n<\/div>\n<\/div>\n<\/div>\n<\/div>[\/et_pb_text][\/et_pb_column][\/et_pb_row][\/et_pb_section]","protected":false},"excerpt":{"rendered":"<p>[et_pb_section fb_built=&#8221;1&#8243; _builder_version=&#8221;4.9.3&#8243; _module_preset=&#8221;default&#8221; min_height=&#8221;218.9px&#8221; custom_padding=&#8221;2px||0px|||&#8221;][et_pb_row _builder_version=&#8221;4.9.3&#8243; _module_preset=&#8221;default&#8221; min_height=&#8221;459.9px&#8221; custom_margin=&#8221;1px|auto||auto||&#8221; custom_padding=&#8221;||0px|||&#8221;][et_pb_column type=&#8221;4_4&#8243; _builder_version=&#8221;4.9.3&#8243; _module_preset=&#8221;default&#8221;][et_pb_post_title meta=&#8221;off&#8221; featured_image=&#8221;off&#8221; _builder_version=&#8221;4.9.3&#8243; _module_preset=&#8221;default&#8221; hover_enabled=&#8221;0&#8243; title_text_color=&#8221;#d6001c&#8221; sticky_enabled=&#8221;0&#8243;][\/et_pb_post_title][et_pb_text _builder_version=&#8221;4.9.3&#8243; _module_preset=&#8221;default&#8221; min_height=&#8221;259.9px&#8221; custom_margin=&#8221;0px||-78px|||&#8221; custom_padding=&#8221;20px||9px|||&#8221;] Godot\u2019yu beklemek hi\u00e7 bu [&hellip;]<\/p>\n","protected":false},"author":1,"featured_media":0,"parent":0,"menu_order":0,"comment_status":"closed","ping_status":"closed","template":"","meta":{"_et_pb_use_builder":"on","_et_pb_old_content":"<!-- wp:paragraph -->\n<p>Godot\u2019yu beklemek hi\u00e7 bu kadar komik ve bu kadar s\u0131ra d\u0131\u015f\u0131 olmam\u0131\u015ft\u0131!<\/p>\n<!-- \/wp:paragraph -->\n\n<!-- wp:paragraph -->\n<p>Samuel Beckett taraf\u0131ndan kaleme al\u0131nan modern bir klasi\u011fin s\u0131ra d\u0131\u015f\u0131 bu yeniden yaz\u0131m\u0131 fazlas\u0131yla g\u00fcld\u00fcrecek. Yaz\u0131ld\u0131\u011f\u0131 g\u00fcnden bu yana bir\u00e7ok dile \u00e7evrilen, binlerce kez sahnelenen bu oyun Fahrettin Eren Dinler taraf\u0131ndan umutsuz ve \u00e7aresizce kurtar\u0131c\u0131s\u0131n\u0131 bekleyen y\u0131\u011f\u0131nlar i\u00e7in yeniden yaz\u0131larak sahneye kondu.<\/p>\n<!-- \/wp:paragraph -->\n\n<!-- wp:paragraph -->\n<p>Sand\u0131klar\u0131 terk etmedikleri i\u00e7in sand\u0131kla birlikte u\u00e7suz bucaks\u0131z bir bozk\u0131r\u0131n ortas\u0131nda sonsuz bir bekleyi\u015fte olan DODO ve KEKE... <\/p>\n<!-- \/wp:paragraph -->\n\n<!-- wp:paragraph -->\n<p>Godot\u2019yu beklemektedirler.<\/p>\n<!-- \/wp:paragraph -->\n\n<!-- wp:paragraph -->\n<p>\u00c7aresiz ve umutsuz bekleyi\u015f sanki sonsuza kadar devam edecek ve Godot hi\u00e7bir zaman gelemeyecek gibidir.<\/p>\n<!-- \/wp:paragraph -->\n\n<!-- wp:paragraph -->\n<p>Peki acaba Godot bu sefer gelebilecek midir?<\/p>\n<!-- \/wp:paragraph -->\n\n<!-- wp:paragraph -->\n<p>\u2018Ben Godot Geliyorum\u2019 abs\u00fcrd bir ger\u00e7eklikle \u00fcmidin, \u00e7aresizli\u011fin ve bekleyi\u015fin kara mizahla harmanland\u0131\u011f\u0131 \u00e7arp\u0131c\u0131 bir tiyatro oyunudur. Dinamik karakterleri, s\u00fcr\u00fckleyici hikayesi ve mizahi yakla\u015f\u0131m\u0131yla herkesin keyifle izleyebilece\u011fi bir eser.<\/p>\n<!-- \/wp:paragraph -->\n\n<!-- wp:paragraph -->\n<p>Kesinlikle ka\u00e7\u0131rmaman\u0131z gereken bir tiyatro deneyimi!<\/p>\n<!-- \/wp:paragraph -->\n\n<!-- wp:gallery {\"linkTo\":\"none\"} -->\n<figure class=\"wp-block-gallery has-nested-images columns-default is-cropped\"><!-- wp:image -->\n<figure class=\"wp-block-image\"><img\/><\/figure>\n<!-- \/wp:image -->\n\n<!-- wp:image -->\n<figure class=\"wp-block-image\"><img\/><\/figure>\n<!-- \/wp:image -->\n\n<!-- wp:image -->\n<figure class=\"wp-block-image\"><img\/><\/figure>\n<!-- \/wp:image -->\n\n<!-- wp:image -->\n<figure class=\"wp-block-image\"><img\/><\/figure>\n<!-- \/wp:image -->\n\n<!-- wp:image -->\n<figure class=\"wp-block-image\"><img\/><\/figure>\n<!-- \/wp:image -->\n\n<!-- wp:image -->\n<figure class=\"wp-block-image\"><img\/><\/figure>\n<!-- \/wp:image --><\/figure>\n<!-- \/wp:gallery -->\n\n<!-- wp:paragraph -->\n<p><\/p>\n<!-- \/wp:paragraph -->\n\n<!-- wp:paragraph {\"align\":\"center\"} -->\n<p class=\"has-text-align-center\"><strong>K\u00dcNYE<\/strong><\/p>\n<!-- \/wp:paragraph -->\n\n<!-- wp:paragraph {\"align\":\"center\"} -->\n<p class=\"has-text-align-center\"><strong>Yazan - Y\u00d6NETEN<\/strong><\/p>\n<!-- \/wp:paragraph -->\n\n<!-- wp:paragraph {\"align\":\"center\"} -->\n<p class=\"has-text-align-center\">Fahrettin EREN D\u0130NLER<\/p>\n<!-- \/wp:paragraph -->\n\n<!-- wp:paragraph {\"align\":\"center\"} -->\n<p class=\"has-text-align-center\"><strong>OYUNCULAR<\/strong><\/p>\n<!-- \/wp:paragraph -->\n\n<!-- wp:paragraph {\"align\":\"center\"} -->\n<p class=\"has-text-align-center\">Kayhan Binneto\u011flu, Fahrettin Eren Dinler, Mert Can Kaplan<\/p>\n<!-- \/wp:paragraph -->\n\n<!-- wp:paragraph {\"align\":\"center\"} -->\n<p class=\"has-text-align-center\">Taha Dinler, G\u00f6k\u00e7e Bat\u0131ralp<\/p>\n<!-- \/wp:paragraph -->\n\n<!-- wp:paragraph {\"align\":\"center\"} -->\n<p class=\"has-text-align-center\"><strong>SAHNE VE KOST\u00dcM TASARIMI<\/strong><\/p>\n<!-- \/wp:paragraph -->\n\n<!-- wp:paragraph {\"align\":\"center\"} -->\n<p class=\"has-text-align-center\">Senem Erdo\u011fan<\/p>\n<!-- \/wp:paragraph -->\n\n<!-- wp:paragraph {\"align\":\"center\"} -->\n<p class=\"has-text-align-center\"><strong>M\u00dcZ\u0130K D\u0130REKT\u00d6R\u00dc<\/strong><\/p>\n<!-- \/wp:paragraph -->\n\n<!-- wp:paragraph {\"align\":\"center\"} -->\n<p class=\"has-text-align-center\">Ufuk Karakavak<\/p>\n<!-- \/wp:paragraph -->\n\n<!-- wp:paragraph {\"align\":\"center\"} -->\n<p class=\"has-text-align-center\"><strong>I\u015eIK TASARIMI<\/strong><\/p>\n<!-- \/wp:paragraph -->\n\n<!-- wp:paragraph {\"align\":\"center\"} -->\n<p class=\"has-text-align-center\">Taha Dinler<\/p>\n<!-- \/wp:paragraph -->\n\n<!-- wp:paragraph {\"align\":\"center\"} -->\n<p class=\"has-text-align-center\"><strong>Y\u00d6NETMEN YARDIMCISI<\/strong><\/p>\n<!-- \/wp:paragraph -->\n\n<!-- wp:paragraph {\"align\":\"center\"} -->\n<p class=\"has-text-align-center\">G\u00f6k\u00e7e Bat\u0131ralp<\/p>\n<!-- \/wp:paragraph -->\n\n<!-- wp:paragraph {\"align\":\"center\"} -->\n<p class=\"has-text-align-center\"><strong>PROD\u00dcKT\u00d6R<\/strong><\/p>\n<!-- \/wp:paragraph -->\n\n<!-- wp:paragraph {\"align\":\"center\"} -->\n<p class=\"has-text-align-center\">Fahrettin EREN D\u0130NLER<\/p>\n<!-- \/wp:paragraph -->\n\n<!-- wp:paragraph {\"align\":\"center\"} -->\n<p class=\"has-text-align-center\"><strong>F\u0130\u0130L SANAT 2024 \u00ae<\/strong><\/p>\n<!-- \/wp:paragraph -->","_et_gb_content_width":"","_EventAllDay":false,"_EventTimezone":"","_EventStartDate":"","_EventEndDate":"","_EventStartDateUTC":"","_EventEndDateUTC":"","_EventShowMap":false,"_EventShowMapLink":false,"_EventURL":"","_EventCost":"","_EventCostDescription":"","_EventCurrencySymbol":"","_EventCurrencyCode":"","_EventCurrencyPosition":"","_EventDateTimeSeparator":"","_EventTimeRangeSeparator":"","_EventOrganizerID":[],"_EventVenueID":[],"_OrganizerEmail":"","_OrganizerPhone":"","_OrganizerWebsite":"","_VenueAddress":"","_VenueCity":"","_VenueCountry":"","_VenueProvince":"","_VenueState":"","_VenueZip":"","_VenuePhone":"","_VenueURL":"","_VenueStateProvince":"","_VenueLat":"","_VenueLng":"","_VenueShowMap":false,"_VenueShowMapLink":false,"footnotes":""},"class_list":["post-32","page","type-page","status-publish","hentry"],"_links":{"self":[{"href":"https:\/\/www.fiil.com.tr\/index.php\/wp-json\/wp\/v2\/pages\/32","targetHints":{"allow":["GET"]}}],"collection":[{"href":"https:\/\/www.fiil.com.tr\/index.php\/wp-json\/wp\/v2\/pages"}],"about":[{"href":"https:\/\/www.fiil.com.tr\/index.php\/wp-json\/wp\/v2\/types\/page"}],"author":[{"embeddable":true,"href":"https:\/\/www.fiil.com.tr\/index.php\/wp-json\/wp\/v2\/users\/1"}],"replies":[{"embeddable":true,"href":"https:\/\/www.fiil.com.tr\/index.php\/wp-json\/wp\/v2\/comments?post=32"}],"version-history":[{"count":14,"href":"https:\/\/www.fiil.com.tr\/index.php\/wp-json\/wp\/v2\/pages\/32\/revisions"}],"predecessor-version":[{"id":163,"href":"https:\/\/www.fiil.com.tr\/index.php\/wp-json\/wp\/v2\/pages\/32\/revisions\/163"}],"wp:attachment":[{"href":"https:\/\/www.fiil.com.tr\/index.php\/wp-json\/wp\/v2\/media?parent=32"}],"curies":[{"name":"wp","href":"https:\/\/api.w.org\/{rel}","templated":true}]}}