{"id":39,"date":"2024-04-23T23:47:22","date_gmt":"2024-04-23T23:47:22","guid":{"rendered":"https:\/\/www.fiil.com.tr\/?page_id=39"},"modified":"2024-10-31T22:50:11","modified_gmt":"2024-10-31T22:50:11","slug":"isler-kesat","status":"publish","type":"page","link":"https:\/\/www.fiil.com.tr\/index.php\/isler-kesat\/","title":{"rendered":"\u0130\u015fler Kesat"},"content":{"rendered":"[et_pb_section fb_built=&#8221;1&#8243; admin_label=&#8221;section&#8221; _builder_version=&#8221;3.22&#8243;][et_pb_row _builder_version=&#8221;4.9.3&#8243; _module_preset=&#8221;default&#8221;][et_pb_column type=&#8221;4_4&#8243; _builder_version=&#8221;4.9.3&#8243; _module_preset=&#8221;default&#8221;][et_pb_post_title meta=&#8221;off&#8221; featured_image=&#8221;off&#8221; _builder_version=&#8221;4.9.3&#8243; _module_preset=&#8221;default&#8221; title_text_color=&#8221;#d6001c&#8221;][\/et_pb_post_title][\/et_pb_column][\/et_pb_row][et_pb_row admin_label=&#8221;row&#8221; _builder_version=&#8221;3.25&#8243; background_size=&#8221;initial&#8221; background_position=&#8221;top_left&#8221; background_repeat=&#8221;repeat&#8221; custom_padding=&#8221;||3px|||&#8221; min_height=&#8221;278.4px&#8221; custom_margin=&#8221;-14px|auto||auto||&#8221;][et_pb_column type=&#8221;4_4&#8243; _builder_version=&#8221;3.25&#8243; custom_padding=&#8221;|||&#8221; custom_padding__hover=&#8221;|||&#8221;][et_pb_text admin_label=&#8221;Text&#8221; _builder_version=&#8221;3.27.4&#8243; background_size=&#8221;initial&#8221; background_position=&#8221;top_left&#8221; background_repeat=&#8221;repeat&#8221; min_height=&#8221;105.4px&#8221; custom_padding=&#8221;||0px|||&#8221;]<p><span style=\"font-size: 14px;\">Fiil yine \u00e7ok komik bir tiyatro oyunu ile seyirci kar\u015f\u0131s\u0131nda!<\/span><\/p>\n<p>K\u0131sa yoldan k\u00f6\u015feyi d\u00f6nebilme hayaliyle birlikte yapt\u0131klar\u0131 i\u015flerde daha \u00f6nceden de para bat\u0131rm\u0131\u015f olan iki kafadar k\u00f6\u015feyi d\u00f6nebileceklerini d\u00fc\u015f\u00fcnd\u00fckleri yeni bir yol bulur.<\/p>\n<p>Yeni nesil lokma tatl\u0131s\u0131 d\u00fckkan\u0131 a\u00e7mak!<\/p>\n<p>Tatl\u0131 d\u00fckkan\u0131 i\u00e7in ciddi miktarda yat\u0131r\u0131m yapan bu iki kafadar d\u00fckkan\u0131n \u00f6n\u00fcnde kuyruk olaca\u011f\u0131ndan ve art\u0131k k\u00f6\u015feyi d\u00f6neceklerinden emindir.<\/p>\n<p>Peki ger\u00e7ekten bu sefer k\u00f6\u015feyi d\u00f6nebilecekler midir?<\/p>\n<p>\u0130\u015fler Kesat; kazanma h\u0131rs\u0131n\u0131, kazanma h\u0131rs\u0131n\u0131n y\u0131k\u0131ma u\u011fratt\u0131\u011f\u0131 sosyal ili\u015fkileri ele\u015ftirel ve mizahi bir dille sorgulamaktad\u0131r.<\/p>\n<p>Fahrettin EREN D\u0130NLER taraf\u0131ndan kaleme al\u0131nan 70 dakikal\u0131k bu komedi oyununda komedide ustala\u015fm\u0131\u015f birbirinden yetenekli isimler yer al\u0131yor.<!-- \/wp:post-content --><!-- wp:paragraph \/--> <!-- wp:paragraph {\"align\":\"center\"} \/--><!-- wp:paragraph \/--><!-- wp:paragraph --><!-- wp:paragraph --><\/p>\n<p><!-- \/wp:paragraph --><\/p>[\/et_pb_text][\/et_pb_column][\/et_pb_row][et_pb_row _builder_version=&#8221;4.9.3&#8243; _module_preset=&#8221;default&#8221;][et_pb_column type=&#8221;4_4&#8243; _builder_version=&#8221;4.9.3&#8243; _module_preset=&#8221;default&#8221;][et_pb_gallery gallery_ids=&#8221;192,189,191,190&#8243; fullwidth=&#8221;on&#8221; _builder_version=&#8221;4.9.3&#8243; _module_preset=&#8221;default&#8221;][\/et_pb_gallery][\/et_pb_column][\/et_pb_row][et_pb_row _builder_version=&#8221;4.9.3&#8243; _module_preset=&#8221;default&#8221;][et_pb_column type=&#8221;4_4&#8243; _builder_version=&#8221;4.9.3&#8243; _module_preset=&#8221;default&#8221;][et_pb_text _builder_version=&#8221;4.9.3&#8243; _module_preset=&#8221;default&#8221;]<p class=\"has-text-align-center\"><strong>K\u00dcNYE<\/strong><\/p>\n<p class=\"has-text-align-center\">TEK PERDE KOMED\u0130<strong><\/strong><\/p>\n<p class=\"has-text-align-center\">70&#8242;<\/p>\n<p class=\"has-text-align-center\"><strong>Yazan &#8211; Y\u00d6NETEN<\/strong><!-- \/wp:paragraph --><!-- wp:paragraph {\"align\":\"center\"} \/--><!-- wp:paragraph {\"align\":\"center\"} --><\/p>\n<p class=\"has-text-align-center\">Fahrettin EREN D\u0130NLER<!-- wp:paragraph {\"align\":\"center\"} \/--><\/p>\n<p class=\"has-text-align-center\"><strong>OYUNCULAR<\/strong><!-- \/wp:paragraph --><!-- wp:paragraph {\"align\":\"center\"} --><\/p>\n<p class=\"has-text-align-center\">Kayhan Binneto\u011flu, Fahrettin Eren Dinler<!-- \/wp:paragraph --><!-- wp:paragraph {\"align\":\"center\"} --><\/p>\n<p class=\"has-text-align-center\">Senem Erdo\u011fan, Taha Dinler<!-- \/wp:paragraph --><!-- wp:paragraph {\"align\":\"center\"} --><\/p>\n<p class=\"has-text-align-center\"><strong>SAHNE VE KOST\u00dcM TASARIMI<\/strong><!-- \/wp:paragraph --><!-- wp:paragraph {\"align\":\"center\"} --><\/p>\n<p class=\"has-text-align-center\">Gizem Nur Dinler<!-- wp:paragraph {\"align\":\"center\"} \/--><\/p>\n<p class=\"has-text-align-center\"><strong>M\u00dcZ\u0130K D\u0130REKT\u00d6R\u00dc<\/strong><!-- \/wp:paragraph --><!-- wp:paragraph {\"align\":\"center\"} --><\/p>\n<p class=\"has-text-align-center\">Ufuk Karakavak<!-- wp:paragraph {\"align\":\"center\"} \/--><\/p>\n<p class=\"has-text-align-center\"><strong>I\u015eIK TASARIMI<\/strong><!-- \/wp:paragraph --><!-- wp:paragraph {\"align\":\"center\"} --><\/p>\n<p class=\"has-text-align-center\">Taha Dinler<!-- \/wp:paragraph --><!-- wp:paragraph {\"align\":\"center\"} --><\/p>\n<p class=\"has-text-align-center\"><strong>Y\u00d6NETMEN YARDIMCISI<\/strong><!-- \/wp:paragraph --><!-- wp:paragraph {\"align\":\"center\"} --><\/p>\n<p class=\"has-text-align-center\">G\u00f6k\u00e7e \u00c7ankaya Bat\u0131ralp<!-- \/wp:paragraph --><!-- wp:paragraph {\"align\":\"center\"} --><\/p>\n<p class=\"has-text-align-center\"><strong>PROD\u00dcKT\u00d6R<\/strong><!-- wp:paragraph {\"align\":\"center\"} \/--><\/p>\n<p class=\"has-text-align-center\">Fahrettin EREN D\u0130NLER<!-- \/wp:paragraph --><!-- wp:paragraph {\"align\":\"center\"} --><\/p>\n<p class=\"has-text-align-center\"><strong>F\u0130\u0130L 2021 \u00ae<\/strong><\/p>[\/et_pb_text][\/et_pb_column][\/et_pb_row][\/et_pb_section]","protected":false},"excerpt":{"rendered":"<p>[et_pb_section fb_built=&#8221;1&#8243; admin_label=&#8221;section&#8221; _builder_version=&#8221;3.22&#8243;][et_pb_row _builder_version=&#8221;4.9.3&#8243; _module_preset=&#8221;default&#8221;][et_pb_column type=&#8221;4_4&#8243; _builder_version=&#8221;4.9.3&#8243; _module_preset=&#8221;default&#8221;][et_pb_post_title meta=&#8221;off&#8221; featured_image=&#8221;off&#8221; _builder_version=&#8221;4.9.3&#8243; _module_preset=&#8221;default&#8221; title_text_color=&#8221;#d6001c&#8221;][\/et_pb_post_title][\/et_pb_column][\/et_pb_row][et_pb_row admin_label=&#8221;row&#8221; _builder_version=&#8221;3.25&#8243; background_size=&#8221;initial&#8221; background_position=&#8221;top_left&#8221; background_repeat=&#8221;repeat&#8221; custom_padding=&#8221;||3px|||&#8221; min_height=&#8221;278.4px&#8221; custom_margin=&#8221;-14px|auto||auto||&#8221;][et_pb_column type=&#8221;4_4&#8243; _builder_version=&#8221;3.25&#8243; custom_padding=&#8221;|||&#8221; custom_padding__hover=&#8221;|||&#8221;][et_pb_text admin_label=&#8221;Text&#8221; _builder_version=&#8221;3.27.4&#8243; background_size=&#8221;initial&#8221; background_position=&#8221;top_left&#8221; [&hellip;]<\/p>\n","protected":false},"author":1,"featured_media":0,"parent":0,"menu_order":0,"comment_status":"closed","ping_status":"closed","template":"","meta":{"_et_pb_use_builder":"on","_et_pb_old_content":"<!-- wp:paragraph -->\n<p>Fiil yine \u00e7ok komik bir tiyatro oyunu ile seyirci kar\u015f\u0131s\u0131nda!<\/p>\n<!-- \/wp:paragraph -->\n\n<!-- wp:paragraph -->\n<p>K\u0131sa yoldan k\u00f6\u015feyi d\u00f6nebilme hayaliyle birlikte yapt\u0131klar\u0131 i\u015flerde daha \u00f6nceden de para bat\u0131rm\u0131\u015f olan iki kafadar k\u00f6\u015feyi d\u00f6nebileceklerini d\u00fc\u015f\u00fcnd\u00fckleri yeni bir yol bulur.<\/p>\n<!-- \/wp:paragraph -->\n\n<!-- wp:paragraph -->\n<p>Yeni nesil lokma tatl\u0131s\u0131 d\u00fckkan\u0131 a\u00e7mak!<\/p>\n<!-- \/wp:paragraph -->\n\n<!-- wp:paragraph -->\n<p>Tatl\u0131 d\u00fckkan\u0131 i\u00e7in ciddi miktarda yat\u0131r\u0131m yapan bu iki kafadar d\u00fckkan\u0131n \u00f6n\u00fcnde kuyruk olaca\u011f\u0131ndan ve art\u0131k k\u00f6\u015feyi d\u00f6neceklerinden emindir.<\/p>\n<!-- \/wp:paragraph -->\n\n<!-- wp:paragraph -->\n<p>Peki ger\u00e7ekten bu sefer k\u00f6\u015feyi d\u00f6nebilecekler midir?<\/p>\n<!-- \/wp:paragraph -->\n\n<!-- wp:paragraph -->\n<p>\u0130\u015fler Kesat; kazanma h\u0131rs\u0131n\u0131, kazanma h\u0131rs\u0131n\u0131n y\u0131k\u0131ma u\u011fratt\u0131\u011f\u0131 sosyal ili\u015fkileri ele\u015ftirel ve mizahi bir dille sorgulamaktad\u0131r.<\/p>\n<!-- \/wp:paragraph -->\n\n<!-- wp:paragraph -->\n<p>Fahrettin EREN D\u0130NLER taraf\u0131ndan kaleme al\u0131nan 70 dakikal\u0131k bu komedi oyununda komedide ustala\u015fm\u0131\u015f birbirinden yetenekli isimler yer al\u0131yor!<\/p>\n<!-- \/wp:paragraph -->\n\n<!-- wp:paragraph -->\n<p><\/p>\n<!-- \/wp:paragraph -->\n\n<!-- wp:paragraph {\"align\":\"center\"} -->\n<p class=\"has-text-align-center\"><strong>K\u00dcNYE<\/strong><\/p>\n<!-- \/wp:paragraph -->\n\n<!-- wp:paragraph {\"align\":\"center\"} -->\n<p class=\"has-text-align-center\"><strong>Yazan - Y\u00d6NETEN<\/strong><\/p>\n<!-- \/wp:paragraph -->\n\n<!-- wp:paragraph {\"align\":\"center\"} -->\n<p class=\"has-text-align-center\">Fahrettin EREN D\u0130NLER<\/p>\n<!-- \/wp:paragraph -->\n\n<!-- wp:paragraph {\"align\":\"center\"} -->\n<p class=\"has-text-align-center\"><strong>OYUNCULAR<\/strong><\/p>\n<!-- \/wp:paragraph -->\n\n<!-- wp:paragraph {\"align\":\"center\"} -->\n<p class=\"has-text-align-center\">Kayhan Binneto\u011flu, Fahrettin Eren Dinler<\/p>\n<!-- \/wp:paragraph -->\n\n<!-- wp:paragraph {\"align\":\"center\"} -->\n<p class=\"has-text-align-center\">Senem Erdo\u011fan, Taha Dinler<\/p>\n<!-- \/wp:paragraph -->\n\n<!-- wp:paragraph {\"align\":\"center\"} -->\n<p class=\"has-text-align-center\"><strong>SAHNE VE KOST\u00dcM TASARIMI<\/strong><\/p>\n<!-- \/wp:paragraph -->\n\n<!-- wp:paragraph {\"align\":\"center\"} -->\n<p class=\"has-text-align-center\">Gizem Nur Dinler<\/p>\n<!-- \/wp:paragraph -->\n\n<!-- wp:paragraph {\"align\":\"center\"} -->\n<p class=\"has-text-align-center\"><strong>M\u00dcZ\u0130K D\u0130REKT\u00d6R\u00dc<\/strong><\/p>\n<!-- \/wp:paragraph -->\n\n<!-- wp:paragraph {\"align\":\"center\"} -->\n<p class=\"has-text-align-center\">Ufuk Karakavak<\/p>\n<!-- \/wp:paragraph -->\n\n<!-- wp:paragraph {\"align\":\"center\"} -->\n<p class=\"has-text-align-center\"><strong>I\u015eIK TASARIMI<\/strong><\/p>\n<!-- \/wp:paragraph -->\n\n<!-- wp:paragraph {\"align\":\"center\"} -->\n<p class=\"has-text-align-center\">Taha Dinler<\/p>\n<!-- \/wp:paragraph -->\n\n<!-- wp:paragraph {\"align\":\"center\"} -->\n<p class=\"has-text-align-center\"><strong>Y\u00d6NETMEN YARDIMCISI<\/strong><\/p>\n<!-- \/wp:paragraph -->\n\n<!-- wp:paragraph {\"align\":\"center\"} -->\n<p class=\"has-text-align-center\">G\u00f6k\u00e7e \u00c7ankaya Bat\u0131ralp<\/p>\n<!-- \/wp:paragraph -->\n\n<!-- wp:paragraph {\"align\":\"center\"} -->\n<p class=\"has-text-align-center\"><strong>PROD\u00dcKT\u00d6R<\/strong><\/p>\n<!-- \/wp:paragraph -->\n\n<!-- wp:paragraph {\"align\":\"center\"} -->\n<p class=\"has-text-align-center\">Fahrettin EREN D\u0130NLER<\/p>\n<!-- \/wp:paragraph -->\n\n<!-- wp:paragraph {\"align\":\"center\"} -->\n<p class=\"has-text-align-center\"><strong>F\u0130\u0130L 2021 \u00ae<\/strong><\/p>\n<!-- \/wp:paragraph -->","_et_gb_content_width":"","_EventAllDay":false,"_EventTimezone":"","_EventStartDate":"","_EventEndDate":"","_EventStartDateUTC":"","_EventEndDateUTC":"","_EventShowMap":false,"_EventShowMapLink":false,"_EventURL":"","_EventCost":"","_EventCostDescription":"","_EventCurrencySymbol":"","_EventCurrencyCode":"","_EventCurrencyPosition":"","_EventDateTimeSeparator":"","_EventTimeRangeSeparator":"","_EventOrganizerID":[],"_EventVenueID":[],"_OrganizerEmail":"","_OrganizerPhone":"","_OrganizerWebsite":"","_VenueAddress":"","_VenueCity":"","_VenueCountry":"","_VenueProvince":"","_VenueState":"","_VenueZip":"","_VenuePhone":"","_VenueURL":"","_VenueStateProvince":"","_VenueLat":"","_VenueLng":"","_VenueShowMap":false,"_VenueShowMapLink":false,"footnotes":""},"class_list":["post-39","page","type-page","status-publish","hentry"],"_links":{"self":[{"href":"https:\/\/www.fiil.com.tr\/index.php\/wp-json\/wp\/v2\/pages\/39","targetHints":{"allow":["GET"]}}],"collection":[{"href":"https:\/\/www.fiil.com.tr\/index.php\/wp-json\/wp\/v2\/pages"}],"about":[{"href":"https:\/\/www.fiil.com.tr\/index.php\/wp-json\/wp\/v2\/types\/page"}],"author":[{"embeddable":true,"href":"https:\/\/www.fiil.com.tr\/index.php\/wp-json\/wp\/v2\/users\/1"}],"replies":[{"embeddable":true,"href":"https:\/\/www.fiil.com.tr\/index.php\/wp-json\/wp\/v2\/comments?post=39"}],"version-history":[{"count":6,"href":"https:\/\/www.fiil.com.tr\/index.php\/wp-json\/wp\/v2\/pages\/39\/revisions"}],"predecessor-version":[{"id":199,"href":"https:\/\/www.fiil.com.tr\/index.php\/wp-json\/wp\/v2\/pages\/39\/revisions\/199"}],"wp:attachment":[{"href":"https:\/\/www.fiil.com.tr\/index.php\/wp-json\/wp\/v2\/media?parent=39"}],"curies":[{"name":"wp","href":"https:\/\/api.w.org\/{rel}","templated":true}]}}