{"id":47,"date":"2024-04-24T00:15:21","date_gmt":"2024-04-24T00:15:21","guid":{"rendered":"https:\/\/www.fiil.com.tr\/?page_id=47"},"modified":"2024-11-03T00:14:09","modified_gmt":"2024-11-03T00:14:09","slug":"siz-insan-degil-misiniz","status":"publish","type":"page","link":"https:\/\/www.fiil.com.tr\/index.php\/siz-insan-degil-misiniz\/","title":{"rendered":"Siz insan de\u011fil misiniz?"},"content":{"rendered":"[et_pb_section fb_built=&#8221;1&#8243; admin_label=&#8221;section&#8221; _builder_version=&#8221;3.22&#8243;][et_pb_row admin_label=&#8221;row&#8221; _builder_version=&#8221;3.25&#8243; background_size=&#8221;initial&#8221; background_position=&#8221;top_left&#8221; background_repeat=&#8221;repeat&#8221; custom_padding=&#8221;||3px|||&#8221;][et_pb_column type=&#8221;4_4&#8243; _builder_version=&#8221;3.25&#8243; custom_padding=&#8221;|||&#8221; custom_padding__hover=&#8221;|||&#8221;][et_pb_post_title _builder_version=&#8221;4.9.3&#8243; _module_preset=&#8221;default&#8221; meta=&#8221;off&#8221; featured_image=&#8221;off&#8221; title_text_color=&#8221;#d6001c&#8221; hover_enabled=&#8221;0&#8243; sticky_enabled=&#8221;0&#8243; custom_margin=&#8221;||-1px|||&#8221;][\/et_pb_post_title][et_pb_text admin_label=&#8221;Text&#8221; _builder_version=&#8221;3.27.4&#8243; background_size=&#8221;initial&#8221; background_position=&#8221;top_left&#8221; background_repeat=&#8221;repeat&#8221; min_height=&#8221;332px&#8221;]<p><\/p>\n<p>Bir hapishane ve iki mahkum&#8230;<\/p>\n<p>Beyaz ile Mavi<\/p>\n<p>Beyaz\u2019\u0131n h\u00fccresinde her \u015fey var, Mavi\u2019nin h\u00fccresinde hi\u00e7bir \u015fey yok. Mavi bir ba\u015fkas\u0131n\u0131n i\u015fledi\u011fi su\u00e7un bedelini \u00f6d\u00fcyor. Beyaz bir ba\u015fkas\u0131n\u0131n i\u015fledi\u011fi su\u00e7un sefas\u0131n\u0131 s\u00fcr\u00fcyor.<\/p>\n<p>Hakim ikisine de bir se\u00e7enek sunmu\u015ftu. Ya i\u00e7eride her \u015feyleri olacak ve \u00e7\u0131k\u0131nca \u00e7ok \u015fiddetli bir \u015fekilde cezaland\u0131r\u0131lacaklar ya da i\u00e7eride hi\u00e7bir \u015feyleri olmayacak ve \u00e7\u0131k\u0131nca sahip olduklar\u0131ndan \u00e7ok daha fazlas\u0131n\u0131 kazanacaklard\u0131r.<\/p>\n<p>\u0130kisi de bir tercih yapm\u0131\u015ft\u0131r ve ne zaman bitece\u011fi belli olmayan bu hapishane hayat\u0131n\u0131n sonunu beklemektedirler.<\/p>\n<p>Fahrettin Eren Dinler taraf\u0131ndan kaleme al\u0131nan trajedi t\u00fcr\u00fcndeki bu tiyatro oyunu; zengin ile fakir, ya\u015fam ile \u00f6l\u00fcm, isyan ve tevekk\u00fcl aras\u0131ndaki o ince \u00e7izgileri t\u00fcm \u00e7\u0131plakl\u0131\u011f\u0131yla sorgulamaktad\u0131r.<\/p>\n<p>\u0130nsan\u0131 insan yapan \u015feylere ve insan\u0131 insanl\u0131ktan \u00e7\u0131karan \u015feylere odaklanarak \u00e7a\u011fda\u015f insana bir ayna tutmaktad\u0131r.<!-- \/wp:post-content --><!-- wp:paragraph --><!-- wp:paragraph {\"align\":\"center\"} --><!-- wp:paragraph --><!-- wp:paragraph \/--><!-- \/wp:paragraph --><\/p>\n<p><!-- \/wp:paragraph --><\/p>[\/et_pb_text][\/et_pb_column][\/et_pb_row][et_pb_row _builder_version=&#8221;4.9.3&#8243; _module_preset=&#8221;default&#8221;][et_pb_column _builder_version=&#8221;4.9.3&#8243; _module_preset=&#8221;default&#8221; type=&#8221;4_4&#8243;][et_pb_gallery _builder_version=&#8221;4.9.3&#8243; _module_preset=&#8221;default&#8221; gallery_ids=&#8221;206,207,208,209&#8243; fullwidth=&#8221;on&#8221; auto=&#8221;on&#8221; auto_speed=&#8221;3000&#8243; hover_enabled=&#8221;0&#8243; sticky_enabled=&#8221;0&#8243;][\/et_pb_gallery][\/et_pb_column][\/et_pb_row][et_pb_row _builder_version=&#8221;4.9.3&#8243; _module_preset=&#8221;default&#8221; hover_enabled=&#8221;0&#8243; sticky_enabled=&#8221;0&#8243;][et_pb_column _builder_version=&#8221;4.9.3&#8243; _module_preset=&#8221;default&#8221; type=&#8221;4_4&#8243;][et_pb_text _builder_version=&#8221;4.9.3&#8243; _module_preset=&#8221;default&#8221; hover_enabled=&#8221;0&#8243; sticky_enabled=&#8221;0&#8243; min_height=&#8221;577px&#8221;]<p style=\"text-align: center;\"><strong>K\u00fcnye<\/strong><\/p>\n<p style=\"text-align: center;\">TEK PERDE<\/p>\n<p style=\"text-align: center;\">KARA KOMED\u0130<\/p>\n<p style=\"text-align: center;\">70&#8242;<\/p>\n<p style=\"text-align: center;\"><strong>YAZAN-Y\u00d6NETEN\u00a0<\/strong><br \/>Fahrettin EREN DINLER<br \/><strong><\/strong><\/p>\n<p style=\"text-align: center;\"><strong>OYUNCULAR<\/strong><\/p>\n<p style=\"text-align: center;\">Mustafa \u00d6nder G\u00f6k\u00e7e, Fahrettin Eren Dinler, Fatih Ak\u00e7in<br \/><strong><\/strong><\/p>\n<p style=\"text-align: center;\"><strong>SAHNE VE KOST\u00dcM TASARIMI<\/strong><\/p>\n<p style=\"text-align: center;\">Taha Dinler<br \/><strong><\/strong><\/p>\n<p style=\"text-align: center;\"><strong>M\u00dcZ\u0130K D\u0130REKT\u00d6R\u00dc<\/strong><br \/>Ufuk Karakavak<\/p>\n<p style=\"text-align: center;\"><strong>I\u015eIK TASARIMI<\/strong><br \/>Fahrettin Eren D\u0130NLER<\/p>\n<p style=\"text-align: center;\"><strong>PROD\u00dcKT\u00d6R<\/strong><br \/>Fahrettin EREN D\u0130NLER<\/p>\n<p style=\"text-align: center;\">Fiil \/ 2018 \u00ae<\/p>[\/et_pb_text][\/et_pb_column][\/et_pb_row][\/et_pb_section]","protected":false},"excerpt":{"rendered":"<p>[et_pb_section fb_built=&#8221;1&#8243; admin_label=&#8221;section&#8221; _builder_version=&#8221;3.22&#8243;][et_pb_row admin_label=&#8221;row&#8221; _builder_version=&#8221;3.25&#8243; background_size=&#8221;initial&#8221; background_position=&#8221;top_left&#8221; background_repeat=&#8221;repeat&#8221; custom_padding=&#8221;||3px|||&#8221;][et_pb_column type=&#8221;4_4&#8243; _builder_version=&#8221;3.25&#8243; custom_padding=&#8221;|||&#8221; custom_padding__hover=&#8221;|||&#8221;][et_pb_post_title _builder_version=&#8221;4.9.3&#8243; _module_preset=&#8221;default&#8221; meta=&#8221;off&#8221; featured_image=&#8221;off&#8221; title_text_color=&#8221;#d6001c&#8221; hover_enabled=&#8221;0&#8243; sticky_enabled=&#8221;0&#8243; custom_margin=&#8221;||-1px|||&#8221;][\/et_pb_post_title][et_pb_text admin_label=&#8221;Text&#8221; _builder_version=&#8221;3.27.4&#8243; background_size=&#8221;initial&#8221; background_position=&#8221;top_left&#8221; background_repeat=&#8221;repeat&#8221; min_height=&#8221;332px&#8221;] Bir hapishane [&hellip;]<\/p>\n","protected":false},"author":1,"featured_media":0,"parent":0,"menu_order":0,"comment_status":"closed","ping_status":"closed","template":"","meta":{"_et_pb_use_builder":"on","_et_pb_old_content":"<!-- wp:paragraph -->\n<p>Bir hapishane ve iki mahkum... <\/p>\n<!-- \/wp:paragraph -->\n\n<!-- wp:paragraph -->\n<p>Beyaz ile Mavi<\/p>\n<!-- \/wp:paragraph -->\n\n<!-- wp:paragraph -->\n<p>Beyaz\u2019\u0131n h\u00fccresinde her \u015fey var, Mavi\u2019nin h\u00fccresinde hi\u00e7bir \u015fey yok. Mavi bir ba\u015fkas\u0131n\u0131n i\u015fledi\u011fi su\u00e7un bedelini \u00f6d\u00fcyor. Beyaz bir ba\u015fkas\u0131n\u0131n i\u015fledi\u011fi su\u00e7un sefas\u0131n\u0131 s\u00fcr\u00fcyor.<\/p>\n<!-- \/wp:paragraph -->\n\n<!-- wp:paragraph -->\n<p>Hakim ikisine de bir se\u00e7enek sunmu\u015ftur. Ya i\u00e7eride her \u015feyleri olacak ve \u00e7\u0131k\u0131nca \u00e7ok \u015fiddetli bir \u015fekilde yanarak cezaland\u0131r\u0131lacaklar ya da i\u00e7eride hi\u00e7bir \u015feyleri olmayacak ve \u00e7\u0131k\u0131nca sahip olduklar\u0131ndan \u00e7ok daha fazlas\u0131n\u0131 kazanacaklard\u0131r.<\/p>\n<!-- \/wp:paragraph -->\n\n<!-- wp:paragraph -->\n<p>\u0130kisi de bir tercih yapm\u0131\u015ft\u0131r ve ne zaman bitece\u011fi belli olmayan bu hapishane hayat\u0131n\u0131n sonunu beklemektedirler.<\/p>\n<!-- \/wp:paragraph -->\n\n<!-- wp:paragraph -->\n<p>Fahrettin Eren Dinler taraf\u0131ndan kaleme al\u0131nan trajedi t\u00fcr\u00fcndeki bu tiyatro oyunu; zengin ile fakir, ya\u015fam ile \u00f6l\u00fcm, isyan ve tevekk\u00fcl aras\u0131ndaki o ince \u00e7izgileri t\u00fcm \u00e7\u0131plakl\u0131\u011f\u0131yla sorgulamaktad\u0131r. \u0130nsan\u0131 insan yapan \u015feylere ve insan\u0131 insanl\u0131ktan \u00e7\u0131karan \u015feylere odaklanarak \u00e7a\u011fda\u015f insana bir ayna tutmaktad\u0131r.<\/p>\n<!-- \/wp:paragraph -->\n\n<!-- wp:paragraph -->\n<p><\/p>\n<!-- \/wp:paragraph -->\n\n<!-- wp:paragraph -->\n<p><\/p>\n<!-- \/wp:paragraph -->\n\n<!-- wp:paragraph {\"align\":\"center\"} -->\n<p class=\"has-text-align-center\"><strong>K\u00fcnye<\/strong><\/p>\n<!-- \/wp:paragraph -->\n\n<!-- wp:paragraph {\"align\":\"center\"} -->\n<p class=\"has-text-align-center\"><strong>Yazan &amp; Y\u00f6neten<\/strong><\/p>\n<!-- \/wp:paragraph -->\n\n<!-- wp:paragraph {\"align\":\"center\"} -->\n<p class=\"has-text-align-center\">Fahrettin Eren Dinler<\/p>\n<!-- \/wp:paragraph -->\n\n<!-- wp:paragraph {\"align\":\"center\"} -->\n<p class=\"has-text-align-center\"><strong>OYUNCULAR<\/strong><\/p>\n<!-- \/wp:paragraph -->\n\n<!-- wp:paragraph {\"align\":\"center\"} -->\n<p class=\"has-text-align-center\">Mustafa \u00d6nder G\u00f6k\u00e7e<\/p>\n<!-- \/wp:paragraph -->\n\n<!-- wp:paragraph {\"align\":\"center\"} -->\n<p class=\"has-text-align-center\">Fahrettin Eren Dinler<\/p>\n<!-- \/wp:paragraph -->\n\n<!-- wp:paragraph {\"align\":\"center\"} -->\n<p class=\"has-text-align-center\">Fatih Ak\u00e7in<\/p>\n<!-- \/wp:paragraph -->\n\n<!-- wp:paragraph {\"align\":\"center\"} -->\n<p class=\"has-text-align-center\"><strong>SAHNE VE KOST\u00dcM TASARIMI<\/strong><\/p>\n<!-- \/wp:paragraph -->\n\n<!-- wp:paragraph {\"align\":\"center\"} -->\n<p class=\"has-text-align-center\">Senem Erdo\u011fan<\/p>\n<!-- \/wp:paragraph -->\n\n<!-- wp:paragraph {\"align\":\"center\"} -->\n<p class=\"has-text-align-center\"><strong>M\u00dcZ\u0130K D\u0130REKT\u00d6R\u00dc<\/strong><\/p>\n<!-- \/wp:paragraph -->\n\n<!-- wp:paragraph {\"align\":\"center\"} -->\n<p class=\"has-text-align-center\">Ufuk Karakavak<\/p>\n<!-- \/wp:paragraph -->\n\n<!-- wp:paragraph {\"align\":\"center\"} -->\n<p class=\"has-text-align-center\"><strong>I\u015eIK TASARIMI<\/strong><\/p>\n<!-- \/wp:paragraph -->\n\n<!-- wp:paragraph {\"align\":\"center\"} -->\n<p class=\"has-text-align-center\">Taha D\u0130NLER<\/p>\n<!-- \/wp:paragraph -->\n\n<!-- wp:paragraph {\"align\":\"center\"} -->\n<p class=\"has-text-align-center\"><strong>YARDIMCI Y\u00d6NETMEN<\/strong><\/p>\n<!-- \/wp:paragraph -->\n\n<!-- wp:paragraph {\"align\":\"center\"} -->\n<p class=\"has-text-align-center\">G\u00f6k\u00e7e Bat\u0131ralp<\/p>\n<!-- \/wp:paragraph -->\n\n<!-- wp:paragraph {\"align\":\"center\"} -->\n<p class=\"has-text-align-center\"><strong>PROD\u00dcKT\u00d6R<\/strong><\/p>\n<!-- \/wp:paragraph -->\n\n<!-- wp:paragraph {\"align\":\"center\"} -->\n<p class=\"has-text-align-center\">Fahrettin EREN D\u0130NLER<\/p>\n<!-- \/wp:paragraph -->\n\n<!-- wp:paragraph {\"align\":\"center\"} -->\n<p class=\"has-text-align-center\"><strong>Fiil \/ 2022 \u00ae<\/strong><\/p>\n<!-- \/wp:paragraph -->","_et_gb_content_width":"","_EventAllDay":false,"_EventTimezone":"","_EventStartDate":"","_EventEndDate":"","_EventStartDateUTC":"","_EventEndDateUTC":"","_EventShowMap":false,"_EventShowMapLink":false,"_EventURL":"","_EventCost":"","_EventCostDescription":"","_EventCurrencySymbol":"","_EventCurrencyCode":"","_EventCurrencyPosition":"","_EventDateTimeSeparator":"","_EventTimeRangeSeparator":"","_EventOrganizerID":[],"_EventVenueID":[],"_OrganizerEmail":"","_OrganizerPhone":"","_OrganizerWebsite":"","_VenueAddress":"","_VenueCity":"","_VenueCountry":"","_VenueProvince":"","_VenueState":"","_VenueZip":"","_VenuePhone":"","_VenueURL":"","_VenueStateProvince":"","_VenueLat":"","_VenueLng":"","_VenueShowMap":false,"_VenueShowMapLink":false,"footnotes":""},"class_list":["post-47","page","type-page","status-publish","hentry"],"_links":{"self":[{"href":"https:\/\/www.fiil.com.tr\/index.php\/wp-json\/wp\/v2\/pages\/47","targetHints":{"allow":["GET"]}}],"collection":[{"href":"https:\/\/www.fiil.com.tr\/index.php\/wp-json\/wp\/v2\/pages"}],"about":[{"href":"https:\/\/www.fiil.com.tr\/index.php\/wp-json\/wp\/v2\/types\/page"}],"author":[{"embeddable":true,"href":"https:\/\/www.fiil.com.tr\/index.php\/wp-json\/wp\/v2\/users\/1"}],"replies":[{"embeddable":true,"href":"https:\/\/www.fiil.com.tr\/index.php\/wp-json\/wp\/v2\/comments?post=47"}],"version-history":[{"count":5,"href":"https:\/\/www.fiil.com.tr\/index.php\/wp-json\/wp\/v2\/pages\/47\/revisions"}],"predecessor-version":[{"id":212,"href":"https:\/\/www.fiil.com.tr\/index.php\/wp-json\/wp\/v2\/pages\/47\/revisions\/212"}],"wp:attachment":[{"href":"https:\/\/www.fiil.com.tr\/index.php\/wp-json\/wp\/v2\/media?parent=47"}],"curies":[{"name":"wp","href":"https:\/\/api.w.org\/{rel}","templated":true}]}}