{"id":61,"date":"2024-10-19T01:27:32","date_gmt":"2024-10-19T01:27:32","guid":{"rendered":"https:\/\/www.fiil.com.tr\/?page_id=61"},"modified":"2024-11-03T00:34:21","modified_gmt":"2024-11-03T00:34:21","slug":"miraszedeler","status":"publish","type":"page","link":"https:\/\/www.fiil.com.tr\/index.php\/miraszedeler\/","title":{"rendered":"Miraszedeler"},"content":{"rendered":"<p>[et_pb_section fb_built=&#8221;1&#8243; _builder_version=&#8221;4.9.3&#8243; _module_preset=&#8221;default&#8221; custom_padding=&#8221;3px|||||&#8221;][et_pb_row _builder_version=&#8221;4.9.3&#8243; _module_preset=&#8221;default&#8221; hover_enabled=&#8221;0&#8243; sticky_enabled=&#8221;0&#8243; custom_padding=&#8221;||4px|||&#8221;][et_pb_column _builder_version=&#8221;4.9.3&#8243; _module_preset=&#8221;default&#8221; type=&#8221;4_4&#8243;][et_pb_post_title _builder_version=&#8221;4.9.3&#8243; _module_preset=&#8221;default&#8221; hover_enabled=&#8221;0&#8243; sticky_enabled=&#8221;0&#8243; meta=&#8221;off&#8221; featured_image=&#8221;off&#8221; title_text_color=&#8221;#d6001c&#8221;][\/et_pb_post_title][\/et_pb_column][\/et_pb_row][et_pb_row _builder_version=&#8221;4.9.3&#8243; _module_preset=&#8221;default&#8221; custom_padding=&#8221;9px|||||&#8221;][et_pb_column _builder_version=&#8221;4.9.3&#8243; _module_preset=&#8221;default&#8221; type=&#8221;4_4&#8243;][et_pb_text _builder_version=&#8221;4.9.3&#8243; _module_preset=&#8221;default&#8221; hover_enabled=&#8221;0&#8243; sticky_enabled=&#8221;0&#8243; custom_margin=&#8221;1px|||||&#8221;]<\/p>\n<p style=\"text-align: left;\">Olduk\u00e7a ya\u015flanm\u0131\u015f olan NENE ald\u0131\u011f\u0131 ila\u00e7lar\u0131n etkisiyle s\u00fcrekli uyumaktad\u0131r. DEDE e\u015fini muayene etmesi i\u00e7in eve bir doktor getirir. Ancak ne b\u00f6yle bir doktor vard\u0131r ne<br \/>de \u00f6lmesini gerektirir bir hastal\u0131k! \u00c7\u00fcnk\u00fc evlatlar\u0131 onun hastal\u0131\u011f\u0131n\u0131 bilmese de DEDE bir Alzheimer hastas\u0131d\u0131r.<\/p>\n<p style=\"text-align: left;\">DEDE, ailelerini kurmu\u015f ve ayr\u0131 \u015fehirlerde hayatlar\u0131n\u0131 s\u00fcrd\u00fcrmekte olan k\u0131z\u0131na ve o\u011fluna durumu bildirerek k\u00f6ye \u00e7a\u011f\u0131r\u0131r. T\u00fcm aile, \u00e7oluk \u00e7ocuk, hep birlikte k\u00f6yde<br \/>toplanarak NENE&#8217;nin \u00f6lece\u011fi g\u00fcn\u00fc beklemeye ba\u015flarlar.<\/p>\n<p style=\"text-align: left;\">Fakat bir sorun vard\u0131r! Nene \u00f6lmemektedir.<\/p>\n<p style=\"text-align: left;\">Miraszedeler; insano\u011flunun kazanma h\u0131rs\u0131n\u0131, maddiyat\u00e7\u0131l\u0131\u011f\u0131n y\u0131k\u0131ma u\u011fratt\u0131\u011f\u0131 sosyal ili\u015fkileri, bozulan aile yap\u0131s\u0131n\u0131 ele\u015ftirel ve mizahi bir dille sorgulamaktad\u0131r.<\/p>\n<p style=\"text-align: left;\">Fahrettin EREN D\u0130NLER taraf\u0131ndan kaleme al\u0131nan 80 dakikal\u0131k bu komedi oyununda sekiz ki\u015filik dev bir oyuncu kadrosu yer almaktad\u0131r.<\/p>\n<p>[\/et_pb_text][\/et_pb_column][\/et_pb_row][et_pb_row _builder_version=&#8221;4.9.3&#8243; _module_preset=&#8221;default&#8221;][et_pb_column _builder_version=&#8221;4.9.3&#8243; _module_preset=&#8221;default&#8221; type=&#8221;4_4&#8243;][et_pb_image src=&#8221;https:\/\/www.fiil.com.tr\/wp-content\/uploads\/2024\/11\/miraszedeler-tiyatro-oyunu.jpg&#8221; _builder_version=&#8221;4.9.3&#8243; _module_preset=&#8221;default&#8221; title_text=&#8221;miraszedeler-tiyatro-oyunu&#8221; hover_enabled=&#8221;0&#8243; sticky_enabled=&#8221;0&#8243; custom_margin=&#8221;-38px|||||&#8221;][\/et_pb_image][\/et_pb_column][\/et_pb_row][et_pb_row _builder_version=&#8221;4.9.3&#8243; _module_preset=&#8221;default&#8221;][et_pb_column _builder_version=&#8221;4.9.3&#8243; _module_preset=&#8221;default&#8221; type=&#8221;4_4&#8243;][et_pb_text _builder_version=&#8221;4.9.3&#8243; _module_preset=&#8221;default&#8221; hover_enabled=&#8221;0&#8243; sticky_enabled=&#8221;0&#8243;]<\/p>\n<p style=\"text-align: center;\"><strong>K\u00dcNYE<\/strong><br \/><strong>S\u00fcre :<\/strong> 70&#8242;<br \/><strong>Perde :<\/strong> Tek Perde<br \/><strong>Yazan &#8211; Y\u00f6neten :<\/strong> Fahrettin EREN D\u0130NLER<br \/><strong>Oyuncular :<\/strong> Senem ERDO\u011eAN, Fahrettin EREN D\u0130NLER, Mert Can KAPLAN,<br \/>Ya\u011fmur \u00c7A\u011eLAN, Gizem Nur D\u0130NLER Fatih AK\u00c7\u0130N,<br \/>G\u00f6k\u00e7e \u00c7ankaya BATIRALP, Taha D\u0130NLER<br \/><strong>Dekor ve Kost\u00fcm Tasar\u0131m\u0131 :<\/strong> Gizem NUR D\u0130NLER<br \/><strong>I\u015f\u0131k Tasar\u0131m\u0131 :<\/strong> Taha D\u0130NLER<br \/><strong>M\u00fczik :<\/strong> Ufuk KARAKAVAK<br \/><strong>Prod\u00fckt\u00f6r :<\/strong> Fahrettin EREN D\u0130NLER<br \/>Fiil \u00ae 2020<\/p>\n<p>[\/et_pb_text][\/et_pb_column][\/et_pb_row][\/et_pb_section]<\/p>\n","protected":false},"excerpt":{"rendered":"<p>[et_pb_section fb_built=&#8221;1&#8243; _builder_version=&#8221;4.9.3&#8243; _module_preset=&#8221;default&#8221; custom_padding=&#8221;3px|||||&#8221;][et_pb_row _builder_version=&#8221;4.9.3&#8243; _module_preset=&#8221;default&#8221; hover_enabled=&#8221;0&#8243; sticky_enabled=&#8221;0&#8243; custom_padding=&#8221;||4px|||&#8221;][et_pb_column _builder_version=&#8221;4.9.3&#8243; _module_preset=&#8221;default&#8221; type=&#8221;4_4&#8243;][et_pb_post_title _builder_version=&#8221;4.9.3&#8243; _module_preset=&#8221;default&#8221; hover_enabled=&#8221;0&#8243; sticky_enabled=&#8221;0&#8243; meta=&#8221;off&#8221; featured_image=&#8221;off&#8221; title_text_color=&#8221;#d6001c&#8221;][\/et_pb_post_title][\/et_pb_column][\/et_pb_row][et_pb_row _builder_version=&#8221;4.9.3&#8243; _module_preset=&#8221;default&#8221; custom_padding=&#8221;9px|||||&#8221;][et_pb_column _builder_version=&#8221;4.9.3&#8243; _module_preset=&#8221;default&#8221; type=&#8221;4_4&#8243;][et_pb_text _builder_version=&#8221;4.9.3&#8243; _module_preset=&#8221;default&#8221; hover_enabled=&#8221;0&#8243; sticky_enabled=&#8221;0&#8243; [&hellip;]<\/p>\n","protected":false},"author":1,"featured_media":0,"parent":0,"menu_order":0,"comment_status":"closed","ping_status":"closed","template":"","meta":{"_et_pb_use_builder":"on","_et_pb_old_content":"","_et_gb_content_width":"","_EventAllDay":false,"_EventTimezone":"","_EventStartDate":"","_EventEndDate":"","_EventStartDateUTC":"","_EventEndDateUTC":"","_EventShowMap":false,"_EventShowMapLink":false,"_EventURL":"","_EventCost":"","_EventCostDescription":"","_EventCurrencySymbol":"","_EventCurrencyCode":"","_EventCurrencyPosition":"","_EventDateTimeSeparator":"","_EventTimeRangeSeparator":"","_EventOrganizerID":[],"_EventVenueID":[],"_OrganizerEmail":"","_OrganizerPhone":"","_OrganizerWebsite":"","_VenueAddress":"","_VenueCity":"","_VenueCountry":"","_VenueProvince":"","_VenueState":"","_VenueZip":"","_VenuePhone":"","_VenueURL":"","_VenueStateProvince":"","_VenueLat":"","_VenueLng":"","_VenueShowMap":false,"_VenueShowMapLink":false,"footnotes":""},"class_list":["post-61","page","type-page","status-publish","hentry"],"_links":{"self":[{"href":"https:\/\/www.fiil.com.tr\/index.php\/wp-json\/wp\/v2\/pages\/61","targetHints":{"allow":["GET"]}}],"collection":[{"href":"https:\/\/www.fiil.com.tr\/index.php\/wp-json\/wp\/v2\/pages"}],"about":[{"href":"https:\/\/www.fiil.com.tr\/index.php\/wp-json\/wp\/v2\/types\/page"}],"author":[{"embeddable":true,"href":"https:\/\/www.fiil.com.tr\/index.php\/wp-json\/wp\/v2\/users\/1"}],"replies":[{"embeddable":true,"href":"https:\/\/www.fiil.com.tr\/index.php\/wp-json\/wp\/v2\/comments?post=61"}],"version-history":[{"count":4,"href":"https:\/\/www.fiil.com.tr\/index.php\/wp-json\/wp\/v2\/pages\/61\/revisions"}],"predecessor-version":[{"id":218,"href":"https:\/\/www.fiil.com.tr\/index.php\/wp-json\/wp\/v2\/pages\/61\/revisions\/218"}],"wp:attachment":[{"href":"https:\/\/www.fiil.com.tr\/index.php\/wp-json\/wp\/v2\/media?parent=61"}],"curies":[{"name":"wp","href":"https:\/\/api.w.org\/{rel}","templated":true}]}}