{"id":68,"date":"2024-10-19T01:35:50","date_gmt":"2024-10-19T01:35:50","guid":{"rendered":"https:\/\/www.fiil.com.tr\/?page_id=68"},"modified":"2024-11-03T00:59:19","modified_gmt":"2024-11-03T00:59:19","slug":"cekirdek","status":"publish","type":"page","link":"https:\/\/www.fiil.com.tr\/index.php\/cekirdek\/","title":{"rendered":"\u00c7ekirdek"},"content":{"rendered":"<p>[et_pb_section fb_built=&#8221;1&#8243; _builder_version=&#8221;4.9.3&#8243; _module_preset=&#8221;default&#8221; custom_padding=&#8221;4px||4px|||&#8221;][et_pb_row _builder_version=&#8221;4.9.3&#8243; _module_preset=&#8221;default&#8221; hover_enabled=&#8221;0&#8243; sticky_enabled=&#8221;0&#8243; custom_padding=&#8221;||4px|||&#8221; custom_margin=&#8221;-2px|auto||auto||&#8221;][et_pb_column _builder_version=&#8221;4.9.3&#8243; _module_preset=&#8221;default&#8221; type=&#8221;4_4&#8243;][et_pb_post_title _builder_version=&#8221;4.9.3&#8243; _module_preset=&#8221;default&#8221; meta=&#8221;off&#8221; featured_image=&#8221;off&#8221; hover_enabled=&#8221;0&#8243; sticky_enabled=&#8221;0&#8243; title_text_color=&#8221;#d6001c&#8221;][\/et_pb_post_title][\/et_pb_column][\/et_pb_row][et_pb_row _builder_version=&#8221;4.9.3&#8243; _module_preset=&#8221;default&#8221; custom_margin=&#8221;1px|auto||auto||&#8221;][et_pb_column _builder_version=&#8221;4.9.3&#8243; _module_preset=&#8221;default&#8221; type=&#8221;4_4&#8243;][et_pb_text _builder_version=&#8221;4.9.3&#8243; _module_preset=&#8221;default&#8221; hover_enabled=&#8221;0&#8243; sticky_enabled=&#8221;0&#8243; custom_padding=&#8221;1px||9px|||&#8221; min_height=&#8221;161px&#8221; custom_margin=&#8221;2px|||||&#8221;]<\/p>\n<p>\u00c7ekirdek, da\u011f\u0131lmaya y\u00fcz tutmu\u015f bir ailenin hikayesidir. Evin babas\u0131 Kalender , toplu konut projeleri yapmaktad\u0131r. Yapaca\u011f\u0131 son proje i\u00e7in t\u00fcm<br \/>mal varl\u0131\u011f\u0131n\u0131 bankaya ipotek ettirmi\u015ftir. Kalender\u2019in zamanla \u00f6denmeyen \u00e7ekleri , vadesi gelen \u00e7eklerini ve banka kredisini \u00f6deyememesine sebep<br \/>olmu\u015ftur. Kalender iflas\u0131n e\u015fi\u011fine gelmi\u015ftir. Kalender ya bu borcu \u00f6deyecek ya da her \u015feyini kaybederek hapse girecektir.<\/p>\n<p>Herkesin aileyi ve evi kurtarabilecek bir g\u00fcc\u00fc varken, insanlar ki\u015fisel sorunlar\u0131ndan, kendi h\u0131rslar\u0131ndan ve ge\u00e7mi\u015f ac\u0131lar\u0131ndan dolay\u0131 bir araya gelememektedir.<\/p>\n<p>Oyun modern d\u00f6nemlerde de\u011fi\u015fen , d\u00f6n\u00fc\u015fen \u00e7ekirdek aile yap\u0131s\u0131n\u0131 , aile i\u00e7i demokrasi ve otorite kavram\u0131 \u00fczerinden tart\u0131\u015fmaktad\u0131r.<\/p>\n<p>[\/et_pb_text][\/et_pb_column][\/et_pb_row][et_pb_row _builder_version=&#8221;4.9.3&#8243; _module_preset=&#8221;default&#8221; custom_padding=&#8221;0px|||||&#8221;][et_pb_column _builder_version=&#8221;4.9.3&#8243; _module_preset=&#8221;default&#8221; type=&#8221;4_4&#8243;][et_pb_gallery _builder_version=&#8221;4.9.3&#8243; _module_preset=&#8221;default&#8221; gallery_ids=&#8221;223,224,225&#8243; fullwidth=&#8221;on&#8221; hover_enabled=&#8221;0&#8243; sticky_enabled=&#8221;0&#8243;][\/et_pb_gallery][\/et_pb_column][\/et_pb_row][et_pb_row _builder_version=&#8221;4.9.3&#8243; _module_preset=&#8221;default&#8221;][et_pb_column _builder_version=&#8221;4.9.3&#8243; _module_preset=&#8221;default&#8221; type=&#8221;4_4&#8243;][et_pb_text _builder_version=&#8221;4.9.3&#8243; _module_preset=&#8221;default&#8221; hover_enabled=&#8221;0&#8243; sticky_enabled=&#8221;0&#8243;]<\/p>\n<p style=\"text-align: center;\"><strong>K\u00dcNYE<\/strong><\/p>\n<p style=\"text-align: center;\">T\u00fcr : Dram<br \/>S\u00fcre : 90\u2019<br \/>Perde : \u0130ki Perde<br \/>Ki\u015fi Say\u0131s\u0131 : 5 Ki\u015fi<br \/>Yap\u0131m Y\u0131l\u0131 : 2016<\/p>\n<p style=\"text-align: center;\"><strong>YAZAN-Y\u00d6NETEN<\/strong><br \/>Fahrettin EREN D\u0130NLER<\/p>\n<p style=\"text-align: center;\"><strong>OYUNCULAR<\/strong><\/p>\n<p style=\"text-align: center;\">Ceyda Y\u00dcCESAN &#8211; Fahrettin Eren D\u0130NLER<br \/>Mert Can KAPLAN &#8211; Ecenaz DALGI\u00c7 &#8211; Caner YILMAZ<\/p>\n<p style=\"text-align: center;\"><strong>I\u015eIK<\/strong><br \/>\u00d6mer DURMU\u015e<\/p>\n<p style=\"text-align: center;\"><strong>DEKOR VE KOST\u00dcM<\/strong><br \/>Gizem Nur AK\u00c7A<\/p>\n<p style=\"text-align: center;\"><strong>PROD\u00dcKT\u00d6R<\/strong><br \/>Fahrettin EREN D\u0130NLER<\/p>\n<p style=\"text-align: center;\">Fiil Sanat | 2016 \u00ae<\/p>\n<p>[\/et_pb_text][\/et_pb_column][\/et_pb_row][\/et_pb_section]<\/p>\n","protected":false},"excerpt":{"rendered":"<p>[et_pb_section fb_built=&#8221;1&#8243; _builder_version=&#8221;4.9.3&#8243; _module_preset=&#8221;default&#8221; custom_padding=&#8221;4px||4px|||&#8221;][et_pb_row _builder_version=&#8221;4.9.3&#8243; _module_preset=&#8221;default&#8221; hover_enabled=&#8221;0&#8243; sticky_enabled=&#8221;0&#8243; custom_padding=&#8221;||4px|||&#8221; custom_margin=&#8221;-2px|auto||auto||&#8221;][et_pb_column _builder_version=&#8221;4.9.3&#8243; _module_preset=&#8221;default&#8221; type=&#8221;4_4&#8243;][et_pb_post_title _builder_version=&#8221;4.9.3&#8243; _module_preset=&#8221;default&#8221; meta=&#8221;off&#8221; featured_image=&#8221;off&#8221; hover_enabled=&#8221;0&#8243; sticky_enabled=&#8221;0&#8243; title_text_color=&#8221;#d6001c&#8221;][\/et_pb_post_title][\/et_pb_column][\/et_pb_row][et_pb_row _builder_version=&#8221;4.9.3&#8243; _module_preset=&#8221;default&#8221; custom_margin=&#8221;1px|auto||auto||&#8221;][et_pb_column _builder_version=&#8221;4.9.3&#8243; _module_preset=&#8221;default&#8221; type=&#8221;4_4&#8243;][et_pb_text _builder_version=&#8221;4.9.3&#8243; _module_preset=&#8221;default&#8221; hover_enabled=&#8221;0&#8243; [&hellip;]<\/p>\n","protected":false},"author":1,"featured_media":0,"parent":0,"menu_order":0,"comment_status":"closed","ping_status":"closed","template":"","meta":{"_et_pb_use_builder":"on","_et_pb_old_content":"","_et_gb_content_width":"","_EventAllDay":false,"_EventTimezone":"","_EventStartDate":"","_EventEndDate":"","_EventStartDateUTC":"","_EventEndDateUTC":"","_EventShowMap":false,"_EventShowMapLink":false,"_EventURL":"","_EventCost":"","_EventCostDescription":"","_EventCurrencySymbol":"","_EventCurrencyCode":"","_EventCurrencyPosition":"","_EventDateTimeSeparator":"","_EventTimeRangeSeparator":"","_EventOrganizerID":[],"_EventVenueID":[],"_OrganizerEmail":"","_OrganizerPhone":"","_OrganizerWebsite":"","_VenueAddress":"","_VenueCity":"","_VenueCountry":"","_VenueProvince":"","_VenueState":"","_VenueZip":"","_VenuePhone":"","_VenueURL":"","_VenueStateProvince":"","_VenueLat":"","_VenueLng":"","_VenueShowMap":false,"_VenueShowMapLink":false,"footnotes":""},"class_list":["post-68","page","type-page","status-publish","hentry"],"_links":{"self":[{"href":"https:\/\/www.fiil.com.tr\/index.php\/wp-json\/wp\/v2\/pages\/68","targetHints":{"allow":["GET"]}}],"collection":[{"href":"https:\/\/www.fiil.com.tr\/index.php\/wp-json\/wp\/v2\/pages"}],"about":[{"href":"https:\/\/www.fiil.com.tr\/index.php\/wp-json\/wp\/v2\/types\/page"}],"author":[{"embeddable":true,"href":"https:\/\/www.fiil.com.tr\/index.php\/wp-json\/wp\/v2\/users\/1"}],"replies":[{"embeddable":true,"href":"https:\/\/www.fiil.com.tr\/index.php\/wp-json\/wp\/v2\/comments?post=68"}],"version-history":[{"count":5,"href":"https:\/\/www.fiil.com.tr\/index.php\/wp-json\/wp\/v2\/pages\/68\/revisions"}],"predecessor-version":[{"id":228,"href":"https:\/\/www.fiil.com.tr\/index.php\/wp-json\/wp\/v2\/pages\/68\/revisions\/228"}],"wp:attachment":[{"href":"https:\/\/www.fiil.com.tr\/index.php\/wp-json\/wp\/v2\/media?parent=68"}],"curies":[{"name":"wp","href":"https:\/\/api.w.org\/{rel}","templated":true}]}}